{"id":147,"date":"2022-04-07T14:03:43","date_gmt":"2022-04-07T12:03:43","guid":{"rendered":"https:\/\/demo.st-cleaning.com\/?page_id=147"},"modified":"2022-05-06T11:20:56","modified_gmt":"2022-05-06T09:20:56","slug":"impressum","status":"publish","type":"page","link":"https:\/\/www.st-cleaning.com\/index.php\/impressum\/","title":{"rendered":"Impressum"},"content":{"rendered":"\t\t<div data-elementor-type=\"wp-page\" data-elementor-id=\"147\" class=\"elementor elementor-147\">\n\t\t\t\t\t\t\t\t\t<section class=\"elementor-section elementor-top-section elementor-element elementor-element-2913772 elementor-section-height-min-height elementor-section-boxed elementor-section-height-default elementor-section-items-middle\" data-id=\"2913772\" data-element_type=\"section\" data-settings=\"{&quot;background_background&quot;:&quot;classic&quot;}\">\n\t\t\t\t\t\t\t<div class=\"elementor-background-overlay\"><\/div>\n\t\t\t\t\t\t\t<div class=\"elementor-container elementor-column-gap-default\">\n\t\t\t\t\t<div class=\"elementor-column elementor-col-100 elementor-top-column elementor-element elementor-element-a9f9cb3\" data-id=\"a9f9cb3\" data-element_type=\"column\">\n\t\t\t<div class=\"elementor-widget-wrap elementor-element-populated\">\n\t\t\t\t\t\t\t\t<section class=\"elementor-section elementor-inner-section elementor-element elementor-element-de11c45 elementor-section-boxed elementor-section-height-default elementor-section-height-default\" data-id=\"de11c45\" data-element_type=\"section\" data-settings=\"{&quot;background_background&quot;:&quot;classic&quot;}\">\n\t\t\t\t\t\t<div class=\"elementor-container elementor-column-gap-default\">\n\t\t\t\t\t<div class=\"elementor-column elementor-col-50 elementor-inner-column elementor-element elementor-element-567344f\" data-id=\"567344f\" data-element_type=\"column\">\n\t\t\t<div class=\"elementor-widget-wrap elementor-element-populated\">\n\t\t\t\t\t\t\t\t<div class=\"elementor-element elementor-element-cacc5e9 elementor-widget elementor-widget-heading\" data-id=\"cacc5e9\" data-element_type=\"widget\" data-widget_type=\"heading.default\">\n\t\t\t\t<div class=\"elementor-widget-container\">\n\t\t\t<style>\/*! elementor - v3.18.0 - 08-12-2023 *\/\n.elementor-heading-title{padding:0;margin:0;line-height:1}.elementor-widget-heading .elementor-heading-title[class*=elementor-size-]>a{color:inherit;font-size:inherit;line-height:inherit}.elementor-widget-heading .elementor-heading-title.elementor-size-small{font-size:15px}.elementor-widget-heading .elementor-heading-title.elementor-size-medium{font-size:19px}.elementor-widget-heading .elementor-heading-title.elementor-size-large{font-size:29px}.elementor-widget-heading .elementor-heading-title.elementor-size-xl{font-size:39px}.elementor-widget-heading .elementor-heading-title.elementor-size-xxl{font-size:59px}<\/style><h1 class=\"elementor-heading-title elementor-size-default\">Impressum<\/h1>\t\t<\/div>\n\t\t\t\t<\/div>\n\t\t\t\t<div class=\"elementor-element elementor-element-a349b92 elementor-widget elementor-widget-heading\" data-id=\"a349b92\" data-element_type=\"widget\" data-widget_type=\"heading.default\">\n\t\t\t\t<div class=\"elementor-widget-container\">\n\t\t\t<h4 class=\"elementor-heading-title elementor-size-default\">Verantwortlich<\/h4>\t\t<\/div>\n\t\t\t\t<\/div>\n\t\t\t\t<div class=\"elementor-element elementor-element-a79a654 elementor-widget elementor-widget-text-editor\" data-id=\"a79a654\" data-element_type=\"widget\" data-widget_type=\"text-editor.default\">\n\t\t\t\t<div class=\"elementor-widget-container\">\n\t\t\t<style>\/*! elementor - v3.18.0 - 08-12-2023 *\/\n.elementor-widget-text-editor.elementor-drop-cap-view-stacked .elementor-drop-cap{background-color:#69727d;color:#fff}.elementor-widget-text-editor.elementor-drop-cap-view-framed .elementor-drop-cap{color:#69727d;border:3px solid;background-color:transparent}.elementor-widget-text-editor:not(.elementor-drop-cap-view-default) .elementor-drop-cap{margin-top:8px}.elementor-widget-text-editor:not(.elementor-drop-cap-view-default) .elementor-drop-cap-letter{width:1em;height:1em}.elementor-widget-text-editor .elementor-drop-cap{float:left;text-align:center;line-height:1;font-size:50px}.elementor-widget-text-editor .elementor-drop-cap-letter{display:inline-block}<\/style>\t\t\t\t<p><a class=\"address\"><b>ST-Cleaning Austria GmbH<\/b><br \/>Gewerbepark 2<br \/>9554 St.Urban<br \/>Austria<\/a><\/p>\t\t\t\t\t\t<\/div>\n\t\t\t\t<\/div>\n\t\t\t\t<div class=\"elementor-element elementor-element-469a238 elementor-widget elementor-widget-heading\" data-id=\"469a238\" data-element_type=\"widget\" data-widget_type=\"heading.default\">\n\t\t\t\t<div class=\"elementor-widget-container\">\n\t\t\t<h4 class=\"elementor-heading-title elementor-size-default\">Gesch\u00e4ftsf\u00fchrer<\/h4>\t\t<\/div>\n\t\t\t\t<\/div>\n\t\t\t\t<div class=\"elementor-element elementor-element-8d4c728 elementor-widget elementor-widget-text-editor\" data-id=\"8d4c728\" data-element_type=\"widget\" data-widget_type=\"text-editor.default\">\n\t\t\t\t<div class=\"elementor-widget-container\">\n\t\t\t\t\t\t\t<p>Hannes Lerchbaumer<\/p>\t\t\t\t\t\t<\/div>\n\t\t\t\t<\/div>\n\t\t\t\t<div class=\"elementor-element elementor-element-c5561e0 elementor-widget elementor-widget-heading\" data-id=\"c5561e0\" data-element_type=\"widget\" data-widget_type=\"heading.default\">\n\t\t\t\t<div class=\"elementor-widget-container\">\n\t\t\t<h4 class=\"elementor-heading-title elementor-size-default\">Kontakt<\/h4>\t\t<\/div>\n\t\t\t\t<\/div>\n\t\t\t\t<div class=\"elementor-element elementor-element-f7148a7 elementor-widget elementor-widget-text-editor\" data-id=\"f7148a7\" data-element_type=\"widget\" data-widget_type=\"text-editor.default\">\n\t\t\t\t<div class=\"elementor-widget-container\">\n\t\t\t\t\t\t\t<p>Telefon: +43 4277 20053<br \/>E-Mail: office@st-cleaning.com<\/p>\t\t\t\t\t\t<\/div>\n\t\t\t\t<\/div>\n\t\t\t\t<div class=\"elementor-element elementor-element-83c495a elementor-widget elementor-widget-heading\" data-id=\"83c495a\" data-element_type=\"widget\" data-widget_type=\"heading.default\">\n\t\t\t\t<div class=\"elementor-widget-container\">\n\t\t\t<h4 class=\"elementor-heading-title elementor-size-default\">Registereintrag<\/h4>\t\t<\/div>\n\t\t\t\t<\/div>\n\t\t\t\t<div class=\"elementor-element elementor-element-8a79d9f elementor-widget elementor-widget-text-editor\" data-id=\"8a79d9f\" data-element_type=\"widget\" data-widget_type=\"text-editor.default\">\n\t\t\t\t<div class=\"elementor-widget-container\">\n\t\t\t\t\t\t\t<p><b>Registernummer<\/b>: FN 409241 a<br \/><b>Registergericht<\/b>: Bezirksgericht Klagenfurt<br \/><b>Gerichtsstand<\/b>: Klagenfurt<br \/><b>Umsatzsteuer-ID<\/b>: ATU 68534437<\/p>\t\t\t\t\t\t<\/div>\n\t\t\t\t<\/div>\n\t\t\t\t\t<\/div>\n\t\t<\/div>\n\t\t\t\t<div class=\"elementor-column elementor-col-50 elementor-inner-column elementor-element elementor-element-babda26\" data-id=\"babda26\" data-element_type=\"column\">\n\t\t\t<div class=\"elementor-widget-wrap elementor-element-populated\">\n\t\t\t\t\t\t\t\t<div class=\"elementor-element elementor-element-9bfdbf3 elementor-widget elementor-widget-image\" data-id=\"9bfdbf3\" data-element_type=\"widget\" data-widget_type=\"image.default\">\n\t\t\t\t<div class=\"elementor-widget-container\">\n\t\t\t<style>\/*! elementor - v3.18.0 - 08-12-2023 *\/\n.elementor-widget-image{text-align:center}.elementor-widget-image a{display:inline-block}.elementor-widget-image a img[src$=\".svg\"]{width:48px}.elementor-widget-image img{vertical-align:middle;display:inline-block}<\/style>\t\t\t\t\t\t\t\t\t\t\t\t<img fetchpriority=\"high\" decoding=\"async\" width=\"600\" height=\"450\" src=\"https:\/\/www.st-cleaning.com\/wp-content\/uploads\/2022\/04\/index1.jpg\" class=\"attachment-large size-large wp-image-727\" alt=\"\" srcset=\"https:\/\/www.st-cleaning.com\/wp-content\/uploads\/2022\/04\/index1.jpg 600w, https:\/\/www.st-cleaning.com\/wp-content\/uploads\/2022\/04\/index1-300x225.jpg 300w\" sizes=\"(max-width: 600px) 100vw, 600px\" \/>\t\t\t\t\t\t\t\t\t\t\t\t\t\t\t<\/div>\n\t\t\t\t<\/div>\n\t\t\t\t\t<\/div>\n\t\t<\/div>\n\t\t\t\t\t\t\t<\/div>\n\t\t<\/section>\n\t\t\t\t<section class=\"elementor-section elementor-inner-section elementor-element elementor-element-4176bcd elementor-section-boxed elementor-section-height-default elementor-section-height-default\" data-id=\"4176bcd\" data-element_type=\"section\" data-settings=\"{&quot;background_background&quot;:&quot;classic&quot;}\">\n\t\t\t\t\t\t<div class=\"elementor-container elementor-column-gap-default\">\n\t\t\t\t\t<div class=\"elementor-column elementor-col-50 elementor-inner-column elementor-element elementor-element-6b35bd9\" data-id=\"6b35bd9\" data-element_type=\"column\">\n\t\t\t<div class=\"elementor-widget-wrap elementor-element-populated\">\n\t\t\t\t\t\t\t\t<div class=\"elementor-element elementor-element-a40d48c elementor-widget elementor-widget-heading\" data-id=\"a40d48c\" data-element_type=\"widget\" data-widget_type=\"heading.default\">\n\t\t\t\t<div class=\"elementor-widget-container\">\n\t\t\t<h4 class=\"elementor-heading-title elementor-size-default\">Rechtshinweis<\/h4>\t\t<\/div>\n\t\t\t\t<\/div>\n\t\t\t\t<div class=\"elementor-element elementor-element-48e5b8a elementor-widget elementor-widget-text-editor\" data-id=\"48e5b8a\" data-element_type=\"widget\" data-widget_type=\"text-editor.default\">\n\t\t\t\t<div class=\"elementor-widget-container\">\n\t\t\t\t\t\t\t<p>Special Tank Cleaning aktualisiert die Informationen auf Ihrer Website st\u00e4ndig, dennoch wird keinerlei Gew\u00e4hr f\u00fcr die Aktualit\u00e4t, Richtigkeit und Vollst\u00e4ndigkeit der auf dieser Website zur Verf\u00fcgung gestellten Informationen \u00fcbernommen.<\/p><p>F\u00fcr Sch\u00e4den, die durch die Nutzung der auf dieser Website dargestellten Informationen verursacht worden sind, ist eine Haftung grunds\u00e4tzlich ausgeschlossen.<\/p><p>S\u00e4mtliche Texte, Grafiken, Bilder, Logos und dergleichen auf dieser Website sind urheberrechtlich gesch\u00fctzt. Jegliche, \u00fcber den eigenen Gebrauch hinausreichende Verwendung wie auch die Vervielf\u00e4ltigung von Informationen (Texten, Grafiken, Bildern, Logos etc.), die auf dieser Website enthalten sind, ist nur mit ausdr\u00fccklicher Genehmigung von Special Tank Cleaning zul\u00e4ssig.<\/p>\t\t\t\t\t\t<\/div>\n\t\t\t\t<\/div>\n\t\t\t\t<div class=\"elementor-element elementor-element-b9f4eab elementor-widget elementor-widget-heading\" data-id=\"b9f4eab\" data-element_type=\"widget\" data-widget_type=\"heading.default\">\n\t\t\t\t<div class=\"elementor-widget-container\">\n\t\t\t<h4 class=\"elementor-heading-title elementor-size-default\">Leitbild<\/h4>\t\t<\/div>\n\t\t\t\t<\/div>\n\t\t\t\t<div class=\"elementor-element elementor-element-8861876 elementor-widget elementor-widget-text-editor\" data-id=\"8861876\" data-element_type=\"widget\" data-widget_type=\"text-editor.default\">\n\t\t\t\t<div class=\"elementor-widget-container\">\n\t\t\t\t\t\t\t<p>Know-How, Erfahrung und Weiterbildung betrachten wir ebenso selbstverst\u00e4ndlich wie Motivation, Vertrauen und Aufrichtigkeit.<\/p><p>Herausforderungen wollen wir mit Leidenschaft begegnen.<\/p><p>Sicherheits-, Umwelt-, und Qualit\u00e4tsbewusstes Handeln, die Einhaltung von gesetzlichen, beh\u00f6rdlichen und sonstigen Anforderungen sehen wir als Basis um Unf\u00e4lle, Gesundheitsbeeintr\u00e4chtigungen und sonstige Sch\u00e4den, sowohl intern aber auch gegen\u00fcber Dritten zu gegegnen.<\/p><p>Bei unserer Arbeit wollen wir die Umwelt sch\u00fctzen und die Ressourcen weitestgehend schonen.<\/p><p>St\u00e4ndige Weiterentwicklung und Verbesserung sehen wir als Grundstein f\u00fcr eine stabile wirtschaftliche Entwicklung und f\u00fcr die Steigerung der Kundenzufriedenheit.<\/p>\t\t\t\t\t\t<\/div>\n\t\t\t\t<\/div>\n\t\t\t\t\t<\/div>\n\t\t<\/div>\n\t\t\t\t<div class=\"elementor-column elementor-col-50 elementor-inner-column elementor-element elementor-element-9b68556\" data-id=\"9b68556\" data-element_type=\"column\">\n\t\t\t<div class=\"elementor-widget-wrap\">\n\t\t\t\t\t\t\t\t\t<\/div>\n\t\t<\/div>\n\t\t\t\t\t\t\t<\/div>\n\t\t<\/section>\n\t\t\t\t\t<\/div>\n\t\t<\/div>\n\t\t\t\t\t\t\t<\/div>\n\t\t<\/section>\n\t\t\t\t\t\t\t<\/div>\n\t\t","protected":false},"excerpt":{"rendered":"<p>Impressum Verantwortlich ST-Cleaning Austria GmbHGewerbepark 29554 St.UrbanAustria Gesch\u00e4ftsf\u00fchrer Hannes Lerchbaumer Kontakt Telefon: +43 4277 20053E-Mail: office@st-cleaning.com Registereintrag Registernummer: FN 409241 aRegistergericht: Bezirksgericht KlagenfurtGerichtsstand: KlagenfurtUmsatzsteuer-ID: ATU 68534437 Rechtshinweis Special Tank Cleaning aktualisiert die Informationen auf Ihrer Website st\u00e4ndig, dennoch wird keinerlei Gew\u00e4hr f\u00fcr die Aktualit\u00e4t, Richtigkeit und Vollst\u00e4ndigkeit der auf dieser Website zur Verf\u00fcgung gestellten Informationen [&hellip;]<\/p>\n","protected":false},"author":1,"featured_media":0,"parent":0,"menu_order":0,"comment_status":"closed","ping_status":"closed","template":"","meta":{"footnotes":""},"class_list":["post-147","page","type-page","status-publish","hentry"],"acf":[],"_links":{"self":[{"href":"https:\/\/www.st-cleaning.com\/index.php\/wp-json\/wp\/v2\/pages\/147","targetHints":{"allow":["GET"]}}],"collection":[{"href":"https:\/\/www.st-cleaning.com\/index.php\/wp-json\/wp\/v2\/pages"}],"about":[{"href":"https:\/\/www.st-cleaning.com\/index.php\/wp-json\/wp\/v2\/types\/page"}],"author":[{"embeddable":true,"href":"https:\/\/www.st-cleaning.com\/index.php\/wp-json\/wp\/v2\/users\/1"}],"replies":[{"embeddable":true,"href":"https:\/\/www.st-cleaning.com\/index.php\/wp-json\/wp\/v2\/comments?post=147"}],"version-history":[{"count":46,"href":"https:\/\/www.st-cleaning.com\/index.php\/wp-json\/wp\/v2\/pages\/147\/revisions"}],"predecessor-version":[{"id":1701,"href":"https:\/\/www.st-cleaning.com\/index.php\/wp-json\/wp\/v2\/pages\/147\/revisions\/1701"}],"wp:attachment":[{"href":"https:\/\/www.st-cleaning.com\/index.php\/wp-json\/wp\/v2\/media?parent=147"}],"curies":[{"name":"wp","href":"https:\/\/api.w.org\/{rel}","templated":true}]}}